{"id":316,"date":"2022-03-01T09:18:59","date_gmt":"2022-03-01T08:18:59","guid":{"rendered":"http:\/\/localhost\/peritec\/?page_id=316"},"modified":"2022-07-28T12:31:52","modified_gmt":"2022-07-28T11:31:52","slug":"motorcyklar-till-salu","status":"publish","type":"page","link":"https:\/\/clmogarage.com\/index.php\/sv\/motorcyklar-till-salu\/","title":{"rendered":"Motorcyklar till salu"},"content":{"rendered":"\n<p>De objekt som presenteras h\u00e4r kan levereras omg\u00e5ende. Alla MC som inte \u00e4r besiktningsbefriade \u00e4r besiktigade och klara att anv\u00e4ndas. Pris som anges \u00e4r ett utg\u00e5ngspris men vi \u00e4r alltid \u00f6ppna f\u00f6r seri\u00f6sa bud.  R\u00e4tt ny \u00e4gare \u00e4r mycket viktigt f\u00f6r oss och d\u00e4rf\u00f6r f\u00f6rbeh\u00e5ller vi oss r\u00e4tten att neka k\u00f6pare som inte har r\u00e4tt profil. Export inom EU \u00e4r numera v\u00e4ldigt smidigt. Vi har \u00e4ven exporterat objekt till bl.a. Norge och UK men d\u00e5 \u00e4r proceduren n\u00e5got mera komplicerad men inte om\u00f6jlig att hantera.<\/p>\n\n\n\n<div class=\"wp-block-query is-layout-flow wp-block-query-is-layout-flow\"><ul class=\"wp-block-post-template is-layout-flow wp-block-post-template-is-layout-flow\"><li class=\"wp-block-post post-1896 post type-post status-publish format-standard has-post-thumbnail hentry category-motorcyklar-till-salu entry\">\n\n<div class=\"wp-block-columns is-layout-flex wp-container-core-columns-is-layout-19cb3dc4 wp-block-columns-is-layout-flex\" style=\"padding-top:30px\">\n<div class=\"wp-block-column is-vertically-aligned-center is-layout-flow wp-block-column-is-layout-flow\" style=\"flex-basis:25%\"><figure class=\"wp-block-post-featured-image\"><a href=\"https:\/\/clmogarage.com\/index.php\/sv\/2023\/10\/29\/bmw-r-1100-s-boxer-cup-3\/\" target=\"_self\"  ><img loading=\"lazy\" decoding=\"async\" width=\"1568\" height=\"1176\" src=\"https:\/\/clmogarage.com\/wp-content\/uploads\/2023\/10\/DSCN2797-1568x1176.jpg\" class=\"attachment-post-thumbnail size-post-thumbnail wp-post-image\" alt=\"BMW R 1100 S Boxer Cup\" style=\"width:100%;height:75%;max-width:2560px;object-fit:cover;\" srcset=\"https:\/\/clmogarage.com\/wp-content\/uploads\/2023\/10\/DSCN2797-1568x1176.jpg 1568w, https:\/\/clmogarage.com\/wp-content\/uploads\/2023\/10\/DSCN2797-300x225.jpg 300w, https:\/\/clmogarage.com\/wp-content\/uploads\/2023\/10\/DSCN2797-1024x768.jpg 1024w, https:\/\/clmogarage.com\/wp-content\/uploads\/2023\/10\/DSCN2797-768x576.jpg 768w, https:\/\/clmogarage.com\/wp-content\/uploads\/2023\/10\/DSCN2797-1536x1152.jpg 1536w, https:\/\/clmogarage.com\/wp-content\/uploads\/2023\/10\/DSCN2797-2048x1536.jpg 2048w\" sizes=\"auto, (max-width: 1568px) 100vw, 1568px\" \/><\/a><\/figure><\/div>\n\n\n\n<div class=\"wp-block-column is-vertically-aligned-top is-layout-flow wp-block-column-is-layout-flow\" style=\"flex-basis:75%\"><h2 class=\"wp-block-post-title has-large-font-size\"><a href=\"https:\/\/clmogarage.com\/index.php\/sv\/2023\/10\/29\/bmw-r-1100-s-boxer-cup-3\/\" target=\"_self\" >BMW R 1100 S Boxer Cup<\/a><\/h2>\n\n<div class=\"wp-block-post-excerpt\"><p class=\"wp-block-post-excerpt__excerpt\">En mycket speciell Boxer Cup replika med prestanda som inte f\u00f6rknippas med en klassisk \u201cBumse\u201d. En kompromissl\u00f6s sleeper med bara de b\u00e4sta bitarna. Motorn \u00e4r byggd\/preparerad av tyska B&amp;B Power \u00a0med bl.a. specialcylindrar och h\u00f6gkompressionskolvar. Vassare kamaxlar, l\u00e4ttade vippor, st\u00f6rre spridare, st\u00f6rre spj\u00e4llhus, portning och st\u00f6rre ventiler. Dessutom mappad med chip men i Bosch Motronic&hellip;&hellip; <\/p><\/div><\/div>\n<\/div>\n\n<\/li><\/ul><\/div>\n\n\n\n<p><\/p>\n","protected":false},"excerpt":{"rendered":"<p>De objekt som presenteras h\u00e4r kan levereras omg\u00e5ende. Alla MC som inte \u00e4r besiktningsbefriade \u00e4r besiktigade och klara att anv\u00e4ndas. Pris som anges \u00e4r ett utg\u00e5ngspris men vi \u00e4r alltid \u00f6ppna f\u00f6r seri\u00f6sa bud. R\u00e4tt ny \u00e4gare \u00e4r mycket viktigt f\u00f6r oss och d\u00e4rf\u00f6r f\u00f6rbeh\u00e5ller vi oss r\u00e4tten att neka k\u00f6pare som inte har r\u00e4tt&hellip; <a class=\"more-link\" href=\"https:\/\/clmogarage.com\/index.php\/sv\/motorcyklar-till-salu\/\">Continue reading <span class=\"screen-reader-text\">Motorcyklar till salu<\/span><\/a><\/p>\n","protected":false},"author":2,"featured_media":0,"parent":0,"menu_order":0,"comment_status":"closed","ping_status":"closed","template":"","meta":{"footnotes":""},"class_list":["post-316","page","type-page","status-publish","hentry","entry"],"aioseo_notices":[],"_links":{"self":[{"href":"https:\/\/clmogarage.com\/index.php\/wp-json\/wp\/v2\/pages\/316","targetHints":{"allow":["GET"]}}],"collection":[{"href":"https:\/\/clmogarage.com\/index.php\/wp-json\/wp\/v2\/pages"}],"about":[{"href":"https:\/\/clmogarage.com\/index.php\/wp-json\/wp\/v2\/types\/page"}],"author":[{"embeddable":true,"href":"https:\/\/clmogarage.com\/index.php\/wp-json\/wp\/v2\/users\/2"}],"replies":[{"embeddable":true,"href":"https:\/\/clmogarage.com\/index.php\/wp-json\/wp\/v2\/comments?post=316"}],"version-history":[{"count":16,"href":"https:\/\/clmogarage.com\/index.php\/wp-json\/wp\/v2\/pages\/316\/revisions"}],"predecessor-version":[{"id":1806,"href":"https:\/\/clmogarage.com\/index.php\/wp-json\/wp\/v2\/pages\/316\/revisions\/1806"}],"wp:attachment":[{"href":"https:\/\/clmogarage.com\/index.php\/wp-json\/wp\/v2\/media?parent=316"}],"curies":[{"name":"wp","href":"https:\/\/api.w.org\/{rel}","templated":true}]}}